{"id":3069,"date":"2018-09-04T06:46:13","date_gmt":"2018-09-04T06:46:13","guid":{"rendered":"https:\/\/nasevo.com\/?page_id=3069"},"modified":"2020-04-12T19:20:36","modified_gmt":"2020-04-12T17:20:36","slug":"politica-privacidad","status":"publish","type":"page","link":"https:\/\/nasevo.com\/ca\/politica-privacidad\/","title":{"rendered":"Pol\u00edtica de privacitat"},"content":{"rendered":"<p>[et_pb_section fb_built=&#8221;1&#8243; _builder_version=&#8221;4.4.3&#8243;][et_pb_row _builder_version=&#8221;4.4.3&#8243; column_structure=&#8221;1_4,3_4&#8243;][et_pb_column _builder_version=&#8221;4.4.3&#8243; type=&#8221;1_4&#8243;][et_pb_post_title _builder_version=&#8221;4.4.3&#8243; meta=&#8221;off&#8221; featured_image=&#8221;off&#8221; title_font_size=&#8221;35px&#8221; hover_enabled=&#8221;0&#8243;][\/et_pb_post_title][\/et_pb_column][et_pb_column _builder_version=&#8221;4.4.3&#8243; type=&#8221;3_4&#8243;][et_pb_text _builder_version=&#8221;4.4.3&#8243; text_text_color=&#8221;#000000&#8243; text_font=&#8221;Montserrat||||||||&#8221; hover_enabled=&#8221;0&#8243;]<\/p>\n<h1 class=\"p1\"><span class=\"s1\"><b>Qui som?<\/b><\/span><\/h1>\n<p class=\"p2\"><span class=\"s1\">La direcci\u00f3 de la nostra web \u00e9s: https:\/\/nasevo.com.<\/span><\/p>\n<h3><span class=\"s1\"><b>Quines dades personals recollim i per qu\u00e8 les recollim<\/b><\/span><\/h3>\n<h3 class=\"p3\"><span class=\"s1\"><b>comentaris<\/b><\/span><\/h3>\n<p class=\"p2\"><span class=\"s1\">Quan els visitants deixen comentaris a la web, recopilem les dades que es mostren en el formulari de comentaris, aix\u00ed com l&#8217;adre\u00e7a IP de l&#8217;visitant i la cadena d&#8217;agents d&#8217;usuari de el navegador per ajudar a la detecci\u00f3 d&#8217;spam.<\/span><\/p>\n<p class=\"p2\"><span class=\"s1\">Una cadena an\u00f2nima creada a partir de la teva adre\u00e7a de correu electr\u00f2nic (tamb\u00e9 anomenada hash) pot ser proporcionada a el servei de Gravatar per veure si l&#8217;est\u00e0s fent servir. La pol\u00edtica de privacitat de el servei Gravatar est\u00e0 disponible aqu\u00ed: https:\/\/automattic.com\/privacy\/. Despr\u00e9s de l&#8217;aprovaci\u00f3 del teu comentari, la imatge del teu perfil \u00e9s visible per al p\u00fablic en el context del seu comentari.<\/span><\/p>\n<h3 class=\"p1\"><span class=\"s1\"><b>mitjans<\/b><\/span><\/h3>\n<p class=\"p2\"><span class=\"s1\">Si puges imatges al web hauries d&#8217;evitar pujar imatges amb dades d&#8217;ubicaci\u00f3 (GPS EXIF) inclosos. Els visitants de la web poden descarregar i extreure qualsevol dada de localitzaci\u00f3 de les imatges del web.<\/span><\/p>\n<h1 class=\"p1\"><span class=\"s1\"><b>Formularis de contacte<\/b><\/span><\/h1>\n<h3 class=\"p3\"><span class=\"s1\"><b>Cookies<\/b><\/span><\/h3>\n<p class=\"p2\"><span class=\"s1\">Si deixes un comentari al nostre lloc pots triar guardar el teu nom, adre\u00e7a de correu electr\u00f2nic i web a galetes. Aix\u00f2 \u00e9s per a la teva comoditat, perqu\u00e8 no hagis de tornar a omplir les teves dades quan deixis un altre comentari. Aquestes galetes tindran una durada d&#8217;un any.<\/span><\/p>\n<p class=\"p2\"><span class=\"s1\">Si tens un compte i et connectes a aquest lloc, instal\u00b7larem una cookie temporal per determinar si el teu navegador accepta cookies. Aquesta galeta no cont\u00e9 dades personals i s&#8217;elimina a l&#8217;tancar el navegador.<\/span><\/p>\n<p class=\"p2\"><span class=\"s1\">Quan inicies sessi\u00f3, tamb\u00e9 instal\u00b7larem m\u00e9s galetes per guardar la teva informaci\u00f3 d&#8217;inici de sessi\u00f3 i les teves opcions de visualitzaci\u00f3 de pantalla. Les galetes d&#8217;inici de sessi\u00f3 duren dos dies, i les galetes d&#8217;opcions de pantalla duren un any. Si selecciones &#8220;Recordar-me&#8221;, el teu inici de sessi\u00f3 perdurar\u00e0 durant dues setmanes. Si surts del teu compte, les galetes d&#8217;inici de sessi\u00f3 s&#8217;eliminaran.<\/span><\/p>\n<p class=\"p2\"><span class=\"s1\">Si edites o publiques un article es guardar\u00e0 una galeta addicional al teu navegador. Aquesta galeta no inclou dades personals i simplement indica l&#8217;identificador de l&#8217;article que acabes d&#8217;editar. Caduca despr\u00e9s d&#8217;1 dia.<\/span><\/p>\n<h1 class=\"p3\"><span class=\"s1\"><b>Contingut incrustat d&#8217;altres llocs web<\/b><\/span><\/h1>\n<p class=\"p2\"><span class=\"s1\">Los art\u00edculos de este sitio pueden incluir contenido incrustado (por ejemplo, v\u00eddeos, im\u00e1genes, art\u00edculos, etc.). El contenido incrustado de otras web se comporta exactamente de la misma manera que si el visitante hubiera visitado la otra web.<\/span><\/p>\n<p class=\"p2\"><span class=\"s1\">Estas web pueden recopilar datos sobre ti, utilizar cookies, incrustar un seguimiento adicional de terceros, y supervisar tu interacci\u00f3n con ese contenido incrustado, incluido el seguimiento de tu interacci\u00f3n con el contenido incrustado si tienes una cuenta y est\u00e1s conectado a esa web.<\/span><\/p>\n<h1 class=\"p3\"><span class=\"s1\"><b>Anal\u00edtica<\/b><\/span><\/h1>\n<h3 class=\"p4\"><span class=\"s1\"><b>Amb qui compartim les teves dades?<br \/> Quant de temps conservem les teves dades?<\/b><\/span><\/h3>\n<p class=\"p2\"><span class=\"s1\">Si deixes un comentari, el comentari i les seves metadades es conserven indefinidament. Aix\u00f2 \u00e9s perqu\u00e8 puguem recon\u00e8ixer i aprovar comentaris successius autom\u00e0ticament en lloc de mantenir-los en una cua de moderaci\u00f3.<\/span><\/p>\n<p class=\"p2\"><span class=\"s1\">Dels usuaris que es registren a la nostra web (si n&#8217;hi ha), tamb\u00e9 emmagatzemem la informaci\u00f3 personal que proporcionen en el seu perfil d&#8217;usuari. Tots els usuaris poden veure, editar o eliminar la seva informaci\u00f3 personal en qualsevol moment (excepte que no poden canviar el seu nom d&#8217;usuari). Els administradors del web tamb\u00e9 poden veure i editar aquesta informaci\u00f3.<\/span><\/p>\n<h3 class=\"p4\"><span class=\"s1\"><b>Quins drets tens sobre les dades?<\/b><\/span><\/h3>\n<p class=\"p2\"><span class=\"s1\">Si tens un compte o has deixat comentaris en aquesta web, pots demanar rebre un arxiu d&#8217;exportaci\u00f3 de les dades personals que tenim sobre tu, incloent qualsevol dada que ens hagis proporcionat. Tamb\u00e9 pots demanar que eliminem qualsevol dada personal que tinguem sobre tu. Aix\u00f2 no inclou cap dada que estiguem obligats a conservar amb fins administratius, legals o de seguretat.<\/span><\/p>\n<h3 class=\"p4\"><span class=\"s1\"><b>On enviem les teves dades?<\/b><\/span><\/h3>\n<p class=\"p2\"><span class=\"s1\">Els comentaris dels visitants pot ser que els revisi un servei de detecci\u00f3 autom\u00e0tica d&#8217;spam.<\/span><\/p>\n<p>[\/et_pb_text][\/et_pb_column][\/et_pb_row][\/et_pb_section]<\/p>\n","protected":false},"excerpt":{"rendered":"<p>Qui som? La direcci\u00f3 de la nostra web \u00e9s: https:\/\/nasevo.com. Quines dades personals recollim i per qu\u00e8 les recollim comentaris Quan els visitants deixen comentaris a la web, recopilem les dades que es mostren en el formulari de comentaris, aix\u00ed com l&#8217;adre\u00e7a IP de l&#8217;visitant i la cadena d&#8217;agents d&#8217;usuari de el navegador per ajudar [&hellip;]<\/p>\n","protected":false},"author":1,"featured_media":0,"parent":0,"menu_order":2,"comment_status":"closed","ping_status":"open","template":"","meta":{"_et_pb_use_builder":"on","_et_pb_old_content":"<h1>Qui som<\/h1>\r\nLa direcci\u00f3 de la nostra web \u00e9s: https:\/\/nasevo.com.\r\n<h1>Quines dades personals recollim i per qu\u00e8 els recollim<\/h1>\r\n<h3>comentaris<\/h3>\r\nQuan els visitants deixen comentaris a la web, recopilem les dades que es mostren en el formulari de comentaris, aix\u00ed com l'adre\u00e7a IP de l'visitant i la cadena d'agents d'usuari de el navegador per ajudar a la detecci\u00f3 d'spam.\r\n\r\nUna cadena an\u00f2nima creada a partir de la teva adre\u00e7a de correu electr\u00f2nic (tamb\u00e9 anomenada hash) pot ser proporcionada a el servei de Gravatar per veure si l'est\u00e0s fent servir. La pol\u00edtica de privacitat de el servei Gravatar est\u00e0 disponible aqu\u00ed: https:\/\/automattic.com\/privacy\/. Despr\u00e9s de l'aprovaci\u00f3 del teu comentari, la imatge del teu perfil \u00e9s visible per al p\u00fablic en el context del seu comentari.\r\n<h1>mitjans<\/h1>\r\nSi puges imatges al web hauries d'evitar pujar imatges amb dades d'ubicaci\u00f3 (GPS EXIF) inclosos. Els visitants de la web poden descarregar i extreure qualsevol dada de localitzaci\u00f3 de les imatges del web.\r\n<h1>Formularis de contacte<\/h1>\r\n<h3>Cookies<\/h3>\r\nSi deixes un comentari al nostre lloc pots triar guardar el teu nom, adre\u00e7a de correu electr\u00f2nic i web a galetes. Aix\u00f2 \u00e9s per a la teva comoditat, perqu\u00e8 no hagis de tornar a omplir les teves dades quan deixis un altre comentari. Aquestes galetes tindran una durada d'un any.\r\n\r\nSi tens un compte i et connectes a aquest lloc, instal\u00b7larem una cookie temporal per determinar si el teu navegador accepta cookies. Aquesta galeta no cont\u00e9 dades personals i s'elimina a l'tancar el navegador.\r\n\r\nQuan inicies sessi\u00f3, tamb\u00e9 instal\u00b7larem m\u00e9s galetes per guardar la teva informaci\u00f3 d'inici de sessi\u00f3 i les teves opcions de visualitzaci\u00f3 de pantalla. Les galetes d'inici de sessi\u00f3 duren dos dies, i les galetes d'opcions de pantalla duren un any. Si selecciones \"Recordar-me\", el teu inici de sessi\u00f3 perdurar\u00e0 durant dues setmanes. Si surts del teu compte, les galetes d'inici de sessi\u00f3 s'eliminaran.\r\n\r\nSi edites o publiques un article es guardar\u00e0 una galeta addicional al teu navegador. Aquesta galeta no inclou dades personals i simplement indica l'identificador de l'article que acabes d'editar. Caduca despr\u00e9s d'1 dia.\r\n<h3>Contingut incrustat d'altres llocs web<\/h3>\r\nLos art\u00edculos de este sitio pueden incluir contenido incrustado (por ejemplo, v\u00eddeos, im\u00e1genes, art\u00edculos, etc.). El contenido incrustado de otras web se comporta exactamente de la misma manera que si el visitante hubiera visitado la otra web.\r\n\r\nEstas web pueden recopilar datos sobre ti, utilizar cookies, incrustar un seguimiento adicional de terceros, y supervisar tu interacci\u00f3n con ese contenido incrustado, incluido el seguimiento de tu interacci\u00f3n con el contenido incrustado si tienes una cuenta y est\u00e1s conectado a esa web.\r\n<h3>Anal\u00edtica<\/h3>\r\n<h2>Amb qui compartim les teves dades\r\nQuant de temps conservem les teves dades<\/h2>\r\nSi deixes un comentari, el comentari i les seves metadades es conserven indefinidament. Aix\u00f2 \u00e9s perqu\u00e8 puguem recon\u00e8ixer i aprovar comentaris successius autom\u00e0ticament en lloc de mantenir-los en una cua de moderaci\u00f3.\r\n\r\nDels usuaris que es registren a la nostra web (si n'hi ha), tamb\u00e9 emmagatzemem la informaci\u00f3 personal que proporcionen en el seu perfil d'usuari. Tots els usuaris poden veure, editar o eliminar la seva informaci\u00f3 personal en qualsevol moment (excepte que no poden canviar el seu nom d'usuari). Els administradors del web tamb\u00e9 poden veure i editar aquesta informaci\u00f3.\r\n<h2>Quins drets tens sobre les dades<\/h2>\r\nSi tens un compte o has deixat comentaris en aquesta web, pots demanar rebre un arxiu d'exportaci\u00f3 de les dades personals que tenim sobre tu, incloent qualsevol dada que ens hagis proporcionat. Tamb\u00e9 pots demanar que eliminem qualsevol dada personal que tinguem sobre tu. Aix\u00f2 no inclou cap dada que estiguem obligats a conservar amb fins administratius, legals o de seguretat.\r\n<h2>On enviem les teves dades<\/h2>\r\nEls comentaris dels visitants pot ser que els revisi un servei de detecci\u00f3 autom\u00e0tica d'spam.","_et_gb_content_width":""},"acf":[],"_links":{"self":[{"href":"https:\/\/nasevo.com\/ca\/wp-json\/wp\/v2\/pages\/3069"}],"collection":[{"href":"https:\/\/nasevo.com\/ca\/wp-json\/wp\/v2\/pages"}],"about":[{"href":"https:\/\/nasevo.com\/ca\/wp-json\/wp\/v2\/types\/page"}],"author":[{"embeddable":true,"href":"https:\/\/nasevo.com\/ca\/wp-json\/wp\/v2\/users\/1"}],"replies":[{"embeddable":true,"href":"https:\/\/nasevo.com\/ca\/wp-json\/wp\/v2\/comments?post=3069"}],"version-history":[{"count":0,"href":"https:\/\/nasevo.com\/ca\/wp-json\/wp\/v2\/pages\/3069\/revisions"}],"wp:attachment":[{"href":"https:\/\/nasevo.com\/ca\/wp-json\/wp\/v2\/media?parent=3069"}],"curies":[{"name":"wp","href":"https:\/\/api.w.org\/{rel}","templated":true}]}}