{"id":2672,"date":"2019-06-28T16:48:23","date_gmt":"2019-06-28T14:48:23","guid":{"rendered":"https:\/\/nasevo.com\/el-estudio\/"},"modified":"2020-04-12T14:05:28","modified_gmt":"2020-04-12T12:05:28","slug":"lestudi","status":"publish","type":"page","link":"https:\/\/nasevo.com\/ca\/lestudi\/","title":{"rendered":"L&#8217;Estudi"},"content":{"rendered":"<p>[et_pb_section fb_built=&#8221;1&#8243; _builder_version=&#8221;3.25.3&#8243;][et_pb_row _builder_version=&#8221;3.25.3&#8243; custom_padding=&#8221;||0px|||&#8221;][et_pb_column type=&#8221;4_4&#8243; _builder_version=&#8221;3.25.3&#8243;][et_pb_post_title meta=&#8221;off&#8221; featured_image=&#8221;off&#8221; _builder_version=&#8221;4.4.3&#8243; title_font=&#8221;Montserrat|700|||||||&#8221; title_text_align=&#8221;left&#8221; title_text_color=&#8221;#000000&#8243; title_font_size=&#8221;45px&#8221; title_letter_spacing=&#8221;-1px&#8221; hover_enabled=&#8221;0&#8243;][\/et_pb_post_title][et_pb_image src=&#8221;https:\/\/nasevo.com\/wp-content\/uploads\/2019\/06\/Estudio.jpg&#8221; _builder_version=&#8221;3.25.3&#8243; custom_margin=&#8221;0px||&#8221;][\/et_pb_image][\/et_pb_column][\/et_pb_row][et_pb_row column_structure=&#8221;1_2,1_2&#8243; _builder_version=&#8221;3.25.3&#8243;][et_pb_column type=&#8221;1_2&#8243; _builder_version=&#8221;3.25.3&#8243;][et_pb_text _builder_version=&#8221;4.0.2&#8243;]<\/p>\n<p class=\"p1\" style=\"text-align: justify;\"><span class=\"s1\">Les primeres obres de NASEVO daten de l&#8217;any 2002. \u00c9s una \u00e8poca en qu\u00e8 trobem nassos de grans dimensions, immenses, de ferro, de fusta, de fibra, de cartr\u00f3, d&#8217;argila, de l\u00e0tex, de llauna, de silicona. Qualsevol material existent adopta la forma d&#8217;un gran nas que ens diu: TOT FA OLOR. I no nom\u00e9s fa olor, sin\u00f3 que en olorar, el nas s&#8217;acomoda al material que fa olor i en pren la frag\u00e0ncia. \u00c9s una \u00e8poca d&#8217;autoafirmaci\u00f3: jo oloro. Aqu\u00ed ens trobem amb la s\u00e8rie de les <i>M\u00e8triques<\/i>, que despr\u00e9s anir\u00e0 desenvolupant amb el pas del temps fins a l&#8217;actualitat.<\/span><\/p>\n<p class=\"p1\" style=\"text-align: justify;\"><span class=\"s1\">A poc a poc la mida dels nassos es redueix en favor dels objectes que provoquen l&#8217;olor i que s&#8217;enganxen al nas de manera inseparable. Potser les peces que indiquen aquesta transici\u00f3 s\u00f3n les de la s\u00e8rie <i>Clavosnas<\/i>, de l&#8217;any 2003. Les dimensions del nas s\u00f3n immenses per\u00f2 els claus que hi estan adherits constitueixen el preludi d&#8217;una nova fase de creaci\u00f3. Alhora que el nas es va fent m\u00e9s petit, perd la seva forma anat\u00f2mica i adopta formes geom\u00e8triques, i s&#8217;hi introdueix un element que fins ara l&#8217;artista no havia utilitzat: el COLOR afegit. En aquest punt veiem apar\u00e8ixer la s\u00e8rie <i>Geom\u00e8triques<\/i>, que comen\u00e7a el 2004.<\/span><\/p>\n<p class=\"p1\" style=\"text-align: justify;\"><span class=\"s1\">Tamb\u00e9 en aquest any 2004 sorgeix una s\u00e8rie que ens indica el valor atorgat a l&#8217;olfacci\u00f3 com a arxiu de la mem\u00f2ria hist\u00f2rica. Aquestes peces, a partir d&#8217;elements senzills com cremalleres o cordons de sabates adherits a un nas de forma indefinida o abstracta, ens suggereixen records de la nostra vida a partir de la connotaci\u00f3 olfactiva. L&#8217;obra que millor expressa aquesta realitat memor\u00edstica en aquest per\u00edode \u00e9s <i>Recordnas 2003\/2004<\/i>, la pe\u00e7a m\u00e9s &#8220;cient\u00edfica&#8221; de l&#8217;obra de NASEVO.<\/span><\/p>\n<p class=\"p1\" style=\"text-align: justify;\"><span class=\"s1\">El per\u00edode entre les dues etapes ens deixa una s\u00e8rie animista, et\u00e8ria, nihilista, com un assaig entre la realitat natural i el color afegit. Es tracta de la s\u00e8rie BLANCA, treballada en paper de seda o paper d&#8217;arr\u00f2s, de <i>Papelnas<\/i>. El nas \u00e9s petit, ja no t\u00e9 forma definida sin\u00f3 insinuada, com deixant entreveure que fins i tot dins del no color i de la no forma roman l&#8217;olor. Aquest proc\u00e9s d&#8217;interioritzaci\u00f3 de l&#8217;artista en contrast amb la traject\u00f2ria inicial d\u00f3na lloc a una etapa en qu\u00e8 els protagonistes s\u00f3n els altres, els objectes. \u00c9s una \u00e8poca d&#8217;afirmaci\u00f3 del tu: tu olores. La s\u00e8rie d&#8217;<i>Embolonas<\/i> i <i>Molinnas<\/i> ens ho indica amb una claredat aclaparadora. Som olorats per les roses, l&#8217;esp\u00edgol, l&#8217;escaiola, el caf\u00e8, l&#8217;herba, l&#8217;horta, els insecticides. I tamb\u00e9 ens oloren les fotografies, els retrats, els cartells publicitaris i de tota mena, fins els senyals de tr\u00e0nsit que hem de respectar en la nostra vida quotidiana. Estem parlant dels anys 2006, 2007 i 2008.<\/span><\/p>\n<p>[\/et_pb_text][\/et_pb_column][et_pb_column type=&#8221;1_2&#8243; _builder_version=&#8221;3.25.3&#8243;][et_pb_text _builder_version=&#8221;4.0.2&#8243;]<\/p>\n<p class=\"p1\" style=\"text-align: justify;\"><span class=\"s1\">Aqu\u00ed \u00e9s on realment NASEVO aconsegueix la comunicaci\u00f3: jo oloro, per\u00f2 \u00e9s que tot al meu voltant m&#8217;olora tamb\u00e9 a mi i si arribo a con\u00e8ixer l&#8217;olor de tot s\u00f3c capa\u00e7 de comunicar-me amb tot, amb aquest llenguatge m\u00e0gic que \u00e9s el m\u00f3n de l&#8217;olor, l&#8217;univers olfactiu.<\/span><\/p>\n<p class=\"p1\" style=\"text-align: justify;\"><span class=\"s1\">A partir de 2008 la comunicaci\u00f3 olfactiva es fa extensible a la natura. L&#8217;artista, sensible al m\u00f3n que l&#8217;envolta, vol expressar el seu comprom\u00eds amb el medi ambient utilitzant productes naturals. Apareixen obres en marbre, els troncs de fusta natural, els bodegons de flors, les branques d&#8217;arbres, obres que semblen destinades a fondre&#8217;s en un entorn paisatg\u00edstic, en parcs, en jardins, al camp, en un proc\u00e9s de camuflatge amb el medi. El jo i el tu es fusionen i sorgeix el nosaltres, en contacte amb la natura de la qual tots formem part, transcendint la individualitat i fonent-nos en el col\u00b7lectiu.<\/span><\/p>\n<p class=\"p1\" style=\"text-align: justify;\"><span class=\"s1\">Despr\u00e9s les seves obres es tornen m\u00e9s pl\u00e0stiques i sorgeixen composicions de gran bellesa on predomina el color: el color de l&#8217;olor esdev\u00e9 protagonista. En aquesta \u00e8poca trobem mosaics de nassos de diverses mides i de diferents colors; podr\u00edem dir que els nassos es vesteixen de colors. S\u00f3n composicions formades per m\u00faltiples peces individuals que adquireixen el seu esplendor quan s&#8217;uneixen per formar la pe\u00e7a final: la multiplicitat conforma la unitat, li d\u00f3na sentit.<\/span><\/p>\n<p class=\"p1\" style=\"text-align: justify;\"><span class=\"s1\">L&#8217;obra de NASEVO \u00e9s tremendament fruct\u00edfera, experimenta amb tot all\u00f2 que considera \u00fatil per a transmetre suggestions olfactives. Aix\u00ed, trobem tamb\u00e9 col\u00b7leccions de m\u00e0scares, que emmascaren la cara o emmascaren el mateix nas; interruptors, que a trav\u00e9s del color volen transmetre&#8217;ns l&#8217;olor de l&#8217;estan\u00e7a en la qual ens disposem a entrar; plafons per als sostres; sense oblidar les obres en v\u00eddeo que aconsegueixen fer-nos olorar a trav\u00e9s de pantalles inform\u00e0tiques. Tot ho toca, NASEVO perqu\u00e8 el seu missatge final \u00e9s recordar-nos sense parar que a la vida tot fa olor.<\/span><\/p>\n<p>[\/et_pb_text][\/et_pb_column][\/et_pb_row][\/et_pb_section]<\/p>\n","protected":false},"excerpt":{"rendered":"<p>Les primeres obres de NASEVO daten de l&#8217;any 2002. \u00c9s una \u00e8poca en qu\u00e8 trobem nassos de grans dimensions, immenses, de ferro, de fusta, de fibra, de cartr\u00f3, d&#8217;argila, de l\u00e0tex, de llauna, de silicona. Qualsevol material existent adopta la forma d&#8217;un gran nas que ens diu: TOT FA OLOR. I no nom\u00e9s fa olor, [&hellip;]<\/p>\n","protected":false},"author":1,"featured_media":0,"parent":0,"menu_order":0,"comment_status":"closed","ping_status":"closed","template":"","meta":{"_et_pb_use_builder":"on","_et_pb_old_content":"","_et_gb_content_width":""},"acf":[],"_links":{"self":[{"href":"https:\/\/nasevo.com\/ca\/wp-json\/wp\/v2\/pages\/2672"}],"collection":[{"href":"https:\/\/nasevo.com\/ca\/wp-json\/wp\/v2\/pages"}],"about":[{"href":"https:\/\/nasevo.com\/ca\/wp-json\/wp\/v2\/types\/page"}],"author":[{"embeddable":true,"href":"https:\/\/nasevo.com\/ca\/wp-json\/wp\/v2\/users\/1"}],"replies":[{"embeddable":true,"href":"https:\/\/nasevo.com\/ca\/wp-json\/wp\/v2\/comments?post=2672"}],"version-history":[{"count":0,"href":"https:\/\/nasevo.com\/ca\/wp-json\/wp\/v2\/pages\/2672\/revisions"}],"wp:attachment":[{"href":"https:\/\/nasevo.com\/ca\/wp-json\/wp\/v2\/media?parent=2672"}],"curies":[{"name":"wp","href":"https:\/\/api.w.org\/{rel}","templated":true}]}}