{"id":2652,"date":"2018-10-27T20:45:47","date_gmt":"2018-10-27T18:45:47","guid":{"rendered":"https:\/\/nasevo.com\/biographical-note\/"},"modified":"2020-04-12T14:09:39","modified_gmt":"2020-04-12T12:09:39","slug":"biografia","status":"publish","type":"page","link":"https:\/\/nasevo.com\/ca\/biografia\/","title":{"rendered":"Biografia"},"content":{"rendered":"<p>[et_pb_section fb_built=&#8221;1&#8243; admin_label=&#8221;Secci\u00f3 Inicial&#8221; _builder_version=&#8221;4.0.2&#8243; background_color=&#8221;#eaeaea&#8221; custom_padding=&#8221;0||0||false|false&#8221; animation_direction=&#8221;bottom&#8221; saved_tabs=&#8221;all&#8221; collapsed=&#8221;off&#8221;][et_pb_row column_structure=&#8221;2_5,3_5&#8243; admin_label=&#8221;Fila Inicial&#8221; _builder_version=&#8221;3.25&#8243; custom_padding=&#8221;63px|0px|0|0px|false|false&#8221; animation_style=&#8221;fade&#8221;][et_pb_column type=&#8221;2_5&#8243; _builder_version=&#8221;3.25&#8243; custom_padding=&#8221;|||&#8221; custom_padding__hover=&#8221;|||&#8221;][et_pb_post_title meta=&#8221;off&#8221; featured_image=&#8221;off&#8221; _builder_version=&#8221;4.4.3&#8243; title_font=&#8221;Montserrat|100|||||||&#8221; title_text_align=&#8221;left&#8221; title_text_color=&#8221;#000000&#8243; title_font_size=&#8221;45px&#8221; title_letter_spacing=&#8221;-1px&#8221; custom_margin=&#8221;10px||10px||true&#8221; custom_padding=&#8221;0px||0px||true&#8221; hover_enabled=&#8221;0&#8243; title_font_size_tablet=&#8221;&#8221; title_font_size_phone=&#8221;&#8221; title_font_size_last_edited=&#8221;on|phone&#8221;]&nbsp;<br \/>\n[\/et_pb_post_title][et_pb_text admin_label=&#8221;Subt\u00edtulo&#8221; _builder_version=&#8221;4.4.3&#8243; text_font=&#8221;||||||||&#8221; header_font=&#8221;Montserrat||||||||&#8221; header_text_color=&#8221;#000000&#8243; header_font_size=&#8221;45px&#8221; header_letter_spacing=&#8221;-1px&#8221; hover_enabled=&#8221;0&#8243;]<\/p>\n<h1>L&#8217;ARTISTA<\/h1>\n<p>[\/et_pb_text][et_pb_text _builder_version=&#8221;4.2.2&#8243; text_font=&#8221;Montserrat||||||||&#8221; custom_padding=&#8221;|||5%|false|false&#8221; custom_padding_tablet=&#8221;|||0%&#8221; custom_padding_phone=&#8221;&#8221; custom_padding_last_edited=&#8221;on|phone&#8221; animation_style=&#8221;fade&#8221; animation_duration=&#8221;1600ms&#8221;]<\/p>\n<p class=\"p1\"><span class=\"s1\">NASEVO \u00e9s el nom d&#8217;un artista o b\u00e9, mig ocult, el nom art\u00edstic d&#8217;Ernesto Vent\u00f3s, que \u00e9s per ofici un reconegut creador d&#8217;ess\u00e8ncies i per passi\u00f3, un col\u00b7leccionista molt particular: sord des de la inf\u00e0ncia, en lloc de mirar les obres d&#8217;art, mirant-les les olora. <strong><a href=\"https:\/\/olorvisual.com\/ca\/\" target=\"_blank\" rel=\"noopener noreferrer\">(colecci\u00f3n olorVISUAL)<\/a><\/strong><\/span><\/p>\n<p class=\"p1\"><span class=\"s1\">A trav\u00e9s d&#8217;aquestes obres, passem de la vista a l&#8217;olfacte i d&#8217;aquest a la dial\u00e8ctica de la ra\u00f3 sensible a trav\u00e9s de l&#8217;objecte art\u00edstic. Es tracta d&#8217;objectes art\u00edstics que s\u00f3n, alhora, objectes ling\u00fc\u00edstics: un arquetip, el nas; una sem\u00e0ntica, l&#8217;olor-color; i un continent, els estils i les formes de l&#8217;art.<\/span><\/p>\n<p class=\"p1\"><span class=\"s1\">Amb singularitat, NASEVO porta a la terra les obres destil\u00b7lades del coneixement de Vent\u00f3s amb l&#8217;esperit de l&#8217;alquimista, mag i transformista.<\/span><\/p>\n<p>[\/et_pb_text][\/et_pb_column][et_pb_column type=&#8221;3_5&#8243; _builder_version=&#8221;3.25&#8243; custom_padding=&#8221;|||&#8221; custom_padding__hover=&#8221;|||&#8221;][et_pb_image src=&#8221;https:\/\/nasevo.com\/wp-content\/uploads\/2018\/10\/ElArtista.jpg&#8221; show_bottom_space=&#8221;off&#8221; align=&#8221;right&#8221; align_tablet=&#8221;center&#8221; align_phone=&#8221;&#8221; align_last_edited=&#8221;on|desktop&#8221; _builder_version=&#8221;3.23&#8243; custom_margin=&#8221;0px|0px|8%|0px|false|true&#8221; custom_margin_tablet=&#8221;&#8221; custom_margin_phone=&#8221;&#8221; custom_margin_last_edited=&#8221;on|tablet&#8221; custom_padding=&#8221;0px|0px|0px|0px|true|true&#8221; animation_style=&#8221;fade&#8221; animation_duration=&#8221;1600ms&#8221;]&nbsp;<br \/>\n[\/et_pb_image][et_pb_divider _builder_version=&#8221;3.17.2&#8243;]&nbsp;<br \/>\n[\/et_pb_divider][\/et_pb_column][\/et_pb_row][\/et_pb_section][et_pb_section fb_built=&#8221;1&#8243; fullwidth=&#8221;on&#8221; _builder_version=&#8221;3.22.3&#8243; background_color=&#8221;#eaeaea&#8221; custom_padding=&#8221;0px|0px|0|0px|false|false&#8221; collapsed=&#8221;on&#8221;][et_pb_fullwidth_header header_scroll_down=&#8221;on&#8221; scroll_down_icon_color=&#8221;#000000&#8243; admin_label=&#8221;Bot\u00f3 cap avall&#8221; _builder_version=&#8221;4.0.2&#8243; background_color=&#8221;#eaeaea&#8221; custom_padding=&#8221;57px||20px|||&#8221;][\/et_pb_fullwidth_header][\/et_pb_section][et_pb_section fb_built=&#8221;1&#8243; admin_label=&#8221;Secci\u00f3 segona&#8221; _builder_version=&#8221;3.22.3&#8243; background_color=&#8221;#eaeaea&#8221; custom_padding=&#8221;0||0||false|false&#8221; animation_direction=&#8221;bottom&#8221; saved_tabs=&#8221;all&#8221;][et_pb_row column_structure=&#8221;2_5,3_5&#8243; admin_label=&#8221;Olor de Barrio&#8221; _builder_version=&#8221;3.25&#8243; custom_padding=&#8221;0|0px|0|0px|false|false&#8221; animation_style=&#8221;fade&#8221;][et_pb_column type=&#8221;2_5&#8243; _builder_version=&#8221;3.25&#8243; custom_padding=&#8221;|||&#8221; custom_padding__hover=&#8221;|||&#8221;][et_pb_text admin_label=&#8221;Olor de Barrio&#8221; _builder_version=&#8221;4.4.3&#8243; text_font=&#8221;||||||||&#8221; header_font=&#8221;Montserrat||||||||&#8221; header_text_color=&#8221;#000000&#8243; header_font_size=&#8221;45px&#8221; header_letter_spacing=&#8221;-1px&#8221; custom_padding=&#8221;|0px||||&#8221; hover_enabled=&#8221;0&#8243; header_font_size_tablet=&#8221;&#8221; header_font_size_phone=&#8221;40px&#8221; header_font_size_last_edited=&#8221;on|phone&#8221;]<\/p>\n<h1>OLOR DE BARRI<\/h1>\n<p>[\/et_pb_text][et_pb_text admin_label=&#8221;Text Olor de Barrio&#8221; _builder_version=&#8221;4.0.2&#8243; text_font=&#8221;Montserrat||||||||&#8221; custom_padding=&#8221;|||5%&#8221; custom_padding_tablet=&#8221;|||0%&#8221; custom_padding_phone=&#8221;&#8221; custom_padding_last_edited=&#8221;on|desktop&#8221; animation_style=&#8221;fade&#8221; animation_duration=&#8221;1600ms&#8221;]<\/p>\n<p class=\"p1\"><span class=\"s1\">Caminant pel barri percebem les diferents olors i sospesem la influ\u00e8ncia que aquestes notes tenen en el car\u00e0cter de les persones que hi viuen. Amb el pas del temps som cada cop m\u00e9s conscients de fins a quin punt la mem\u00f2ria est\u00e0 associada amb les olors dels llocs que visita; associada tamb\u00e9 amb el temps que fa, la temperatura de qu\u00e8 gaudim, l&#8217;estaci\u00f3 que impera. El dia assolellat fa una olor diferent del dia ennuvolat, la calor diferent del fred, l&#8217;estiu diferent de l&#8217;hivern. I sense adonar-nos-en, cada situaci\u00f3, amb la seva olor diferent, agradable o desagradable, fixa en la mem\u00f2ria el record del moment viscut. Nom\u00e9s cal un sol acord per activar el record.<\/span><\/p>\n<p class=\"p1\"><span class=\"s1\">Hi olors de barri divertides i inacabades, amb un estil molt especial. L&#8217;olor d&#8217;orina fresca de gat i de picant, empesa pel vent, frega les parets i els ferros i els impregna, i es barreja amb les diferents notes que s&#8217;escapen de les fleques, les drogueries i els bars, amb l&#8217;olor de pa, de naftalina i d&#8217;alcohol, que van dibuixant en l&#8217;aire diferents sensacions de tra\u00e7 ferm i segur, coloristes i excitants, carregades de vida i sensualitat com els dibuixos cubistes.<\/span><\/p>\n<p>[\/et_pb_text][et_pb_divider _builder_version=&#8221;3.17.2&#8243;]&nbsp;<br \/>\n[\/et_pb_divider][\/et_pb_column][et_pb_column type=&#8221;3_5&#8243; _builder_version=&#8221;3.25&#8243; custom_padding=&#8221;|||&#8221; custom_padding__hover=&#8221;|||&#8221;][et_pb_image src=&#8221;https:\/\/nasevo.com\/wp-content\/uploads\/2019\/06\/OlorBarrio_2.jpg&#8221; show_bottom_space=&#8221;off&#8221; align=&#8221;right&#8221; align_tablet=&#8221;center&#8221; align_phone=&#8221;&#8221; align_last_edited=&#8221;on|desktop&#8221; _builder_version=&#8221;3.25.3&#8243; custom_margin=&#8221;120px|0px|120px|0px|true|true&#8221; custom_padding=&#8221;0px|0px|0px|0px|true|true&#8221; animation_style=&#8221;fade&#8221; animation_duration=&#8221;1600ms&#8221;]&nbsp;<br \/>\n[\/et_pb_image][\/et_pb_column][\/et_pb_row][\/et_pb_section][et_pb_section fb_built=&#8221;1&#8243; fullwidth=&#8221;on&#8221; admin_label=&#8221;3era. Secci\u00f3&#8221; _builder_version=&#8221;3.22.3&#8243; background_color=&#8221;#eaeaea&#8221; custom_padding=&#8221;0px|0px|0|0px|false|false&#8221;][et_pb_fullwidth_header header_scroll_down=&#8221;on&#8221; scroll_down_icon_color=&#8221;#000000&#8243; admin_label=&#8221;Bot\u00f3 cap avall&#8221; _builder_version=&#8221;3.17.2&#8243; background_color=&#8221;#eaeaea&#8221; custom_padding=&#8221;27px||22px|||&#8221;]&nbsp;<br \/>\n[\/et_pb_fullwidth_header][\/et_pb_section][et_pb_section fb_built=&#8221;1&#8243; admin_label=&#8221;Comprom\u00eds amb la Natura&#8221; _builder_version=&#8221;3.22.3&#8243; background_color=&#8221;#eaeaea&#8221; custom_padding=&#8221;30px||30px||true|false&#8221; animation_direction=&#8221;bottom&#8221; saved_tabs=&#8221;all&#8221;][et_pb_row column_structure=&#8221;2_5,3_5&#8243; admin_label=&#8221;Compromiso con la naturaleza&#8221; _builder_version=&#8221;3.25&#8243; min_height=&#8221;1044px&#8221; custom_padding=&#8221;0|0px|2px|0px|false|false&#8221; animation_style=&#8221;fade&#8221;][et_pb_column type=&#8221;2_5&#8243; _builder_version=&#8221;3.25&#8243; custom_padding=&#8221;|||&#8221; custom_padding__hover=&#8221;|||&#8221;][et_pb_text admin_label=&#8221;Compromiso con la Naturaleza&#8221; _builder_version=&#8221;4.4.3&#8243; text_font=&#8221;Montserrat|700|||||||&#8221; header_font=&#8221;Montserrat||||||||&#8221; header_text_color=&#8221;#000000&#8243; header_font_size=&#8221;45px&#8221; header_letter_spacing=&#8221;-1px&#8221; animation_style=&#8221;fade&#8221; hover_enabled=&#8221;0&#8243;]<\/p>\n<h1>EL COMPROM\u00cdS AMB LA NATURA<\/h1>\n<p>[\/et_pb_text][et_pb_text admin_label=&#8221;Text Compromiso con la naturaleza&#8221; _builder_version=&#8221;4.0.2&#8243; text_font=&#8221;Montserrat||||||||&#8221; custom_padding=&#8221;|||5%&#8221; custom_padding_tablet=&#8221;|||0%&#8221; custom_padding_phone=&#8221;&#8221; custom_padding_last_edited=&#8221;on|desktop&#8221; animation_style=&#8221;fade&#8221; animation_duration=&#8221;1600ms&#8221;]<\/p>\n<p class=\"p1\"><span class=\"s1\">Dels cinc sentits amb qu\u00e8 la natura ha dotat l&#8217;\u00e9sser hum\u00e0 per a desenvolupar-se en la vida, molt probablement l&#8217;olfacte sigui el menys identificable i, alhora, el de m\u00e9s llarg abast. Al contrari dels altres sentits, obligats a cenyir-se a una proximitat temporal i espacial per a poder expressar-se, l&#8217;olfacte transcendeix aquestes coordenades que ens lliguen, temps i espai. El temps perqu\u00e8 l&#8217;olfacte \u00e9s creador de mem\u00f2ria i l&#8217;espai perqu\u00e8 supera fins i tot la proximitat f\u00edsica, \u00e9s a dir, l&#8217;olfacte ens atorga llibertat per a \u00e9sser i per a expressar-nos.<\/span><\/p>\n<p class=\"p2\"><span class=\"s1\"><\/span><\/p>\n<p class=\"p1\"><span class=\"s1\">L&#8217;art t\u00e9 el poder d&#8217;abstreure la consci\u00e8ncia quotidiana de l&#8217;individu, de potenciar l&#8217;harmonia dels sentits i de recordar l&#8217;espai interior de les persones. I ho fa fent servir els sentits, els m\u00e9s propers, com el tacte, la vista, el gust i l&#8217;o\u00efda, per\u00f2 tamb\u00e9 el m\u00e9s lluny\u00e0, l&#8217;olfacte.<\/span><\/p>\n<p class=\"p2\"><span class=\"s1\"><\/span><\/p>\n<p class=\"p1\"><span class=\"s1\">El planeta, fa olor? I tant que en fa. Tot en la vida t\u00e9 una olor, el que passa \u00e9s que l&#8217;\u00e9sser hum\u00e0 est\u00e0 tan acostumat a l&#8217;acte d&#8217;olorar que no n&#8217;\u00e9s conscient. Per\u00f2 aix\u00ed com no pot deixar de respirar perqu\u00e8 moriria, mai, mentre visqui, podr\u00e0 prescindir d&#8217;olorar. L&#8217;esperit de la nostra civilitzaci\u00f3 desitja comprometre&#8217;s amb la natura, respectant-la i conservant-la, sabedor que \u00e9s el millor llegat que podem transmetre als nostres descendents.<\/span><\/p>\n<p>[\/et_pb_text][et_pb_divider _builder_version=&#8221;3.17.2&#8243;]&nbsp;<br \/>\n[\/et_pb_divider][\/et_pb_column][et_pb_column type=&#8221;3_5&#8243; _builder_version=&#8221;3.25&#8243; custom_padding=&#8221;|||&#8221; custom_padding__hover=&#8221;|||&#8221;][et_pb_image src=&#8221;https:\/\/nasevo.com\/wp-content\/uploads\/2019\/06\/CompromisoNaturaleza-1.jpg&#8221; show_bottom_space=&#8221;off&#8221; align=&#8221;right&#8221; align_tablet=&#8221;center&#8221; align_phone=&#8221;&#8221; align_last_edited=&#8221;on|desktop&#8221; _builder_version=&#8221;3.25.2&#8243; max_width_tablet=&#8221;&#8221; max_width_phone=&#8221;&#8221; max_width_last_edited=&#8221;on|phone&#8221; custom_margin=&#8221;0px|0px|0px|0px|true|true&#8221; custom_margin_tablet=&#8221;&#8221; custom_margin_phone=&#8221;||||true|true&#8221; custom_margin_last_edited=&#8221;on|phone&#8221; custom_padding=&#8221;0px|0px|0px|0px|true|true&#8221; animation_style=&#8221;fade&#8221; animation_duration=&#8221;1600ms&#8221;]&nbsp;<br \/>\n[\/et_pb_image][\/et_pb_column][\/et_pb_row][\/et_pb_section]<\/p>\n","protected":false},"excerpt":{"rendered":"<p>&nbsp; L&#8217;ARTISTANASEVO \u00e9s el nom d&#8217;un artista o b\u00e9, mig ocult, el nom art\u00edstic d&#8217;Ernesto Vent\u00f3s, que \u00e9s per ofici un reconegut creador d&#8217;ess\u00e8ncies i per passi\u00f3, un col\u00b7leccionista molt particular: sord des de la inf\u00e0ncia, en lloc de mirar les obres d&#8217;art, mirant-les les olora. (colecci\u00f3n olorVISUAL) A trav\u00e9s d&#8217;aquestes obres, passem de la [&hellip;]<\/p>\n","protected":false},"author":1,"featured_media":0,"parent":0,"menu_order":0,"comment_status":"closed","ping_status":"closed","template":"","meta":{"_et_pb_use_builder":"on","_et_pb_old_content":"","_et_gb_content_width":""},"acf":[],"_links":{"self":[{"href":"https:\/\/nasevo.com\/ca\/wp-json\/wp\/v2\/pages\/2652"}],"collection":[{"href":"https:\/\/nasevo.com\/ca\/wp-json\/wp\/v2\/pages"}],"about":[{"href":"https:\/\/nasevo.com\/ca\/wp-json\/wp\/v2\/types\/page"}],"author":[{"embeddable":true,"href":"https:\/\/nasevo.com\/ca\/wp-json\/wp\/v2\/users\/1"}],"replies":[{"embeddable":true,"href":"https:\/\/nasevo.com\/ca\/wp-json\/wp\/v2\/comments?post=2652"}],"version-history":[{"count":0,"href":"https:\/\/nasevo.com\/ca\/wp-json\/wp\/v2\/pages\/2652\/revisions"}],"wp:attachment":[{"href":"https:\/\/nasevo.com\/ca\/wp-json\/wp\/v2\/media?parent=2652"}],"curies":[{"name":"wp","href":"https:\/\/api.w.org\/{rel}","templated":true}]}}